{"id":1998,"date":"2019-04-17T02:11:03","date_gmt":"2019-04-17T00:11:03","guid":{"rendered":"https:\/\/aupetitpont.fr\/legal-notice\/"},"modified":"2023-06-01T18:29:52","modified_gmt":"2023-06-01T16:29:52","slug":"legal-notice","status":"publish","type":"page","link":"https:\/\/aupetitpont.fr\/en\/legal-notice\/","title":{"rendered":"Legal Notice"},"content":{"rendered":"<style>.elementor-1998 .elementor-element.elementor-element-3a1f5a5e > .elementor-container{max-width:1170px;}.elementor-1998 .elementor-element.elementor-element-3a1f5a5e:not(.elementor-motion-effects-element-type-background), .elementor-1998 .elementor-element.elementor-element-3a1f5a5e > .elementor-motion-effects-container > .elementor-motion-effects-layer{background-color:var( --e-global-color-ec4a62d );}.elementor-1998 .elementor-element.elementor-element-3a1f5a5e > .elementor-background-overlay{background-image:url(\"https:\/\/aupetitpont.fr\/wp-content\/uploads\/2023\/05\/au-petit-pont-exterieur-nuit-01.jpg\");background-position:center center;background-repeat:no-repeat;background-size:cover;opacity:0.17;transition:background 0.3s, border-radius 0.3s, opacity 0.3s;}.elementor-1998 .elementor-element.elementor-element-3a1f5a5e{transition:background 0.3s, border 0.3s, border-radius 0.3s, box-shadow 0.3s;padding:120px 0px 140px 0px;z-index:0;}.elementor-1998 .elementor-element.elementor-element-755bfe77{text-align:center;}.elementor-1998 .elementor-element.elementor-element-755bfe77 .elementor-heading-title{font-family:var( --e-global-typography-8faade7-font-family ), Sans-serif;font-size:var( --e-global-typography-8faade7-font-size );font-weight:var( --e-global-typography-8faade7-font-weight );text-transform:var( --e-global-typography-8faade7-text-transform );font-style:var( --e-global-typography-8faade7-font-style );text-decoration:var( --e-global-typography-8faade7-text-decoration );line-height:var( --e-global-typography-8faade7-line-height );letter-spacing:var( --e-global-typography-8faade7-letter-spacing );word-spacing:var( --e-global-typography-8faade7-word-spacing );color:var( --e-global-color-e5c8540 );}.elementor-1998 .elementor-element.elementor-element-d503fd3{padding:60px 0px 90px 0px;}:root{--page-title-display:none;}@media(max-width:1024px){.elementor-1998 .elementor-element.elementor-element-3a1f5a5e{margin-top:0px;margin-bottom:0px;padding:100px 10px 120px 10px;}.elementor-1998 .elementor-element.elementor-element-755bfe77 .elementor-heading-title{font-size:var( --e-global-typography-8faade7-font-size );line-height:var( --e-global-typography-8faade7-line-height );letter-spacing:var( --e-global-typography-8faade7-letter-spacing );word-spacing:var( --e-global-typography-8faade7-word-spacing );}}@media(max-width:767px){.elementor-1998 .elementor-element.elementor-element-3a1f5a5e{margin-top:0px;margin-bottom:0px;padding:40px 10px 80px 10px;}.elementor-1998 .elementor-element.elementor-element-755bfe77 .elementor-heading-title{font-size:var( --e-global-typography-8faade7-font-size );line-height:var( --e-global-typography-8faade7-line-height );letter-spacing:var( --e-global-typography-8faade7-letter-spacing );word-spacing:var( --e-global-typography-8faade7-word-spacing );}}<\/style>\t\t<div data-elementor-type=\"wp-page\" data-elementor-id=\"1998\" class=\"elementor elementor-1998 elementor-1691\" data-elementor-post-type=\"page\">\n\t\t\t\t\t\t<section class=\"elementor-section elementor-top-section elementor-element elementor-element-3a1f5a5e elementor-section-boxed elementor-section-height-default elementor-section-height-default\" data-id=\"3a1f5a5e\" data-element_type=\"section\" data-e-type=\"section\" data-settings=\"{&quot;background_background&quot;:&quot;classic&quot;}\">\n\t\t\t\t\t\t\t<div class=\"elementor-background-overlay\"><\/div>\n\t\t\t\t\t\t\t<div class=\"elementor-container elementor-column-gap-default\">\n\t\t\t\t\t<div class=\"elementor-column elementor-col-100 elementor-top-column elementor-element elementor-element-2fbdf20a\" data-id=\"2fbdf20a\" data-element_type=\"column\" data-e-type=\"column\">\n\t\t\t<div class=\"elementor-widget-wrap elementor-element-populated\">\n\t\t\t\t\t\t<div class=\"elementor-element elementor-element-755bfe77 elementor-widget elementor-widget-heading\" data-id=\"755bfe77\" data-element_type=\"widget\" data-e-type=\"widget\" data-widget_type=\"heading.default\">\n\t\t\t\t<div class=\"elementor-widget-container\">\n\t\t\t\t\t<h2 class=\"elementor-heading-title elementor-size-default\">Legal Notice<\/h2>\t\t\t\t<\/div>\n\t\t\t\t<\/div>\n\t\t\t\t\t<\/div>\n\t\t<\/div>\n\t\t\t\t\t<\/div>\n\t\t<\/section>\n\t\t\t\t<section class=\"elementor-section elementor-top-section elementor-element elementor-element-d503fd3 elementor-section-boxed elementor-section-height-default elementor-section-height-default\" data-id=\"d503fd3\" data-element_type=\"section\" data-e-type=\"section\">\n\t\t\t\t\t\t<div class=\"elementor-container elementor-column-gap-default\">\n\t\t\t\t\t<div class=\"elementor-column elementor-col-100 elementor-top-column elementor-element elementor-element-1de88d3\" data-id=\"1de88d3\" data-element_type=\"column\" data-e-type=\"column\">\n\t\t\t<div class=\"elementor-widget-wrap\">\n\t\t\t\t\t\t\t<\/div>\n\t\t<\/div>\n\t\t\t\t\t<\/div>\n\t\t<\/section>\n\t\t\t\t<\/div>\n\t\t","protected":false},"excerpt":{"rendered":"<p>Legal Notice<\/p>\n","protected":false},"author":1,"featured_media":0,"parent":0,"menu_order":0,"comment_status":"closed","ping_status":"closed","template":"","meta":{"_acf_changed":false,"footnotes":""},"class_list":["post-1998","page","type-page","status-publish","hentry"],"acf":[],"yoast_head":"<!-- This site is optimized with the Yoast SEO plugin v27.4 - https:\/\/yoast.com\/product\/yoast-seo-wordpress\/ -->\n<title>Legal Notice - Au Petit Pont<\/title>\n<meta name=\"robots\" content=\"index, follow, max-snippet:-1, max-image-preview:large, max-video-preview:-1\" \/>\n<link rel=\"canonical\" href=\"https:\/\/aupetitpont.fr\/en\/legal-notice\/\" \/>\n<meta property=\"og:locale\" content=\"en_US\" \/>\n<meta property=\"og:type\" content=\"article\" \/>\n<meta property=\"og:title\" content=\"Legal Notice - Au Petit Pont\" \/>\n<meta property=\"og:description\" content=\"Legal Notice\" \/>\n<meta property=\"og:url\" content=\"https:\/\/aupetitpont.fr\/en\/legal-notice\/\" \/>\n<meta property=\"og:site_name\" content=\"Au Petit Pont\" \/>\n<meta property=\"article:publisher\" content=\"https:\/\/www.facebook.com\/aupetitpont67610\/\" \/>\n<meta property=\"article:modified_time\" content=\"2023-06-01T16:29:52+00:00\" \/>\n<meta property=\"og:image\" content=\"https:\/\/aupetitpont.fr\/wp-content\/uploads\/2019\/03\/au-petit-pont-exterieur-bg-2.jpg\" \/>\n\t<meta property=\"og:image:width\" content=\"1315\" \/>\n\t<meta property=\"og:image:height\" content=\"614\" \/>\n\t<meta property=\"og:image:type\" content=\"image\/jpeg\" \/>\n<meta name=\"twitter:card\" content=\"summary_large_image\" \/>\n<script type=\"application\/ld+json\" class=\"yoast-schema-graph\">{\"@context\":\"https:\\\/\\\/schema.org\",\"@graph\":[{\"@type\":\"WebPage\",\"@id\":\"https:\\\/\\\/aupetitpont.fr\\\/en\\\/legal-notice\\\/\",\"url\":\"https:\\\/\\\/aupetitpont.fr\\\/en\\\/legal-notice\\\/\",\"name\":\"Legal Notice - Au Petit Pont\",\"isPartOf\":{\"@id\":\"https:\\\/\\\/aupetitpont.fr\\\/#website\"},\"datePublished\":\"2019-04-17T00:11:03+00:00\",\"dateModified\":\"2023-06-01T16:29:52+00:00\",\"breadcrumb\":{\"@id\":\"https:\\\/\\\/aupetitpont.fr\\\/en\\\/legal-notice\\\/#breadcrumb\"},\"inLanguage\":\"en-US\",\"potentialAction\":[{\"@type\":\"ReadAction\",\"target\":[\"https:\\\/\\\/aupetitpont.fr\\\/en\\\/legal-notice\\\/\"]}]},{\"@type\":\"BreadcrumbList\",\"@id\":\"https:\\\/\\\/aupetitpont.fr\\\/en\\\/legal-notice\\\/#breadcrumb\",\"itemListElement\":[{\"@type\":\"ListItem\",\"position\":1,\"name\":\"Accueil\",\"item\":\"https:\\\/\\\/aupetitpont.fr\\\/en\\\/home-2\\\/\"},{\"@type\":\"ListItem\",\"position\":2,\"name\":\"Legal Notice\"}]},{\"@type\":\"WebSite\",\"@id\":\"https:\\\/\\\/aupetitpont.fr\\\/#website\",\"url\":\"https:\\\/\\\/aupetitpont.fr\\\/\",\"name\":\"Au Petit Pont\",\"description\":\"H\u00f4tel &amp; \u00c9v\u00e9nements \u00e0 la Wantzenau\",\"publisher\":{\"@id\":\"https:\\\/\\\/aupetitpont.fr\\\/#organization\"},\"potentialAction\":[{\"@type\":\"SearchAction\",\"target\":{\"@type\":\"EntryPoint\",\"urlTemplate\":\"https:\\\/\\\/aupetitpont.fr\\\/?s={search_term_string}\"},\"query-input\":{\"@type\":\"PropertyValueSpecification\",\"valueRequired\":true,\"valueName\":\"search_term_string\"}}],\"inLanguage\":\"en-US\"},{\"@type\":\"Organization\",\"@id\":\"https:\\\/\\\/aupetitpont.fr\\\/#organization\",\"name\":\"Au Petit Pont - H\u00f4tel & Ev\u00e8nements\",\"url\":\"https:\\\/\\\/aupetitpont.fr\\\/\",\"logo\":{\"@type\":\"ImageObject\",\"inLanguage\":\"en-US\",\"@id\":\"https:\\\/\\\/aupetitpont.fr\\\/#\\\/schema\\\/logo\\\/image\\\/\",\"url\":\"https:\\\/\\\/aupetitpont.fr\\\/wp-content\\\/uploads\\\/2019\\\/03\\\/Logoau-petit-pont-500px-dark.png\",\"contentUrl\":\"https:\\\/\\\/aupetitpont.fr\\\/wp-content\\\/uploads\\\/2019\\\/03\\\/Logoau-petit-pont-500px-dark.png\",\"width\":500,\"height\":138,\"caption\":\"Au Petit Pont - H\u00f4tel & Ev\u00e8nements\"},\"image\":{\"@id\":\"https:\\\/\\\/aupetitpont.fr\\\/#\\\/schema\\\/logo\\\/image\\\/\"},\"sameAs\":[\"https:\\\/\\\/www.facebook.com\\\/aupetitpont67610\\\/\"]}]}<\/script>\n<!-- \/ Yoast SEO plugin. -->","yoast_head_json":{"title":"Legal Notice - Au Petit Pont","robots":{"index":"index","follow":"follow","max-snippet":"max-snippet:-1","max-image-preview":"max-image-preview:large","max-video-preview":"max-video-preview:-1"},"canonical":"https:\/\/aupetitpont.fr\/en\/legal-notice\/","og_locale":"en_US","og_type":"article","og_title":"Legal Notice - Au Petit Pont","og_description":"Legal Notice","og_url":"https:\/\/aupetitpont.fr\/en\/legal-notice\/","og_site_name":"Au Petit Pont","article_publisher":"https:\/\/www.facebook.com\/aupetitpont67610\/","article_modified_time":"2023-06-01T16:29:52+00:00","og_image":[{"width":1315,"height":614,"url":"https:\/\/aupetitpont.fr\/wp-content\/uploads\/2019\/03\/au-petit-pont-exterieur-bg-2.jpg","type":"image\/jpeg"}],"twitter_card":"summary_large_image","schema":{"@context":"https:\/\/schema.org","@graph":[{"@type":"WebPage","@id":"https:\/\/aupetitpont.fr\/en\/legal-notice\/","url":"https:\/\/aupetitpont.fr\/en\/legal-notice\/","name":"Legal Notice - Au Petit Pont","isPartOf":{"@id":"https:\/\/aupetitpont.fr\/#website"},"datePublished":"2019-04-17T00:11:03+00:00","dateModified":"2023-06-01T16:29:52+00:00","breadcrumb":{"@id":"https:\/\/aupetitpont.fr\/en\/legal-notice\/#breadcrumb"},"inLanguage":"en-US","potentialAction":[{"@type":"ReadAction","target":["https:\/\/aupetitpont.fr\/en\/legal-notice\/"]}]},{"@type":"BreadcrumbList","@id":"https:\/\/aupetitpont.fr\/en\/legal-notice\/#breadcrumb","itemListElement":[{"@type":"ListItem","position":1,"name":"Accueil","item":"https:\/\/aupetitpont.fr\/en\/home-2\/"},{"@type":"ListItem","position":2,"name":"Legal Notice"}]},{"@type":"WebSite","@id":"https:\/\/aupetitpont.fr\/#website","url":"https:\/\/aupetitpont.fr\/","name":"Au Petit Pont","description":"H\u00f4tel &amp; \u00c9v\u00e9nements \u00e0 la Wantzenau","publisher":{"@id":"https:\/\/aupetitpont.fr\/#organization"},"potentialAction":[{"@type":"SearchAction","target":{"@type":"EntryPoint","urlTemplate":"https:\/\/aupetitpont.fr\/?s={search_term_string}"},"query-input":{"@type":"PropertyValueSpecification","valueRequired":true,"valueName":"search_term_string"}}],"inLanguage":"en-US"},{"@type":"Organization","@id":"https:\/\/aupetitpont.fr\/#organization","name":"Au Petit Pont - H\u00f4tel & Ev\u00e8nements","url":"https:\/\/aupetitpont.fr\/","logo":{"@type":"ImageObject","inLanguage":"en-US","@id":"https:\/\/aupetitpont.fr\/#\/schema\/logo\/image\/","url":"https:\/\/aupetitpont.fr\/wp-content\/uploads\/2019\/03\/Logoau-petit-pont-500px-dark.png","contentUrl":"https:\/\/aupetitpont.fr\/wp-content\/uploads\/2019\/03\/Logoau-petit-pont-500px-dark.png","width":500,"height":138,"caption":"Au Petit Pont - H\u00f4tel & Ev\u00e8nements"},"image":{"@id":"https:\/\/aupetitpont.fr\/#\/schema\/logo\/image\/"},"sameAs":["https:\/\/www.facebook.com\/aupetitpont67610\/"]}]}},"_links":{"self":[{"href":"https:\/\/aupetitpont.fr\/en\/wp-json\/wp\/v2\/pages\/1998","targetHints":{"allow":["GET"]}}],"collection":[{"href":"https:\/\/aupetitpont.fr\/en\/wp-json\/wp\/v2\/pages"}],"about":[{"href":"https:\/\/aupetitpont.fr\/en\/wp-json\/wp\/v2\/types\/page"}],"author":[{"embeddable":true,"href":"https:\/\/aupetitpont.fr\/en\/wp-json\/wp\/v2\/users\/1"}],"replies":[{"embeddable":true,"href":"https:\/\/aupetitpont.fr\/en\/wp-json\/wp\/v2\/comments?post=1998"}],"version-history":[{"count":2,"href":"https:\/\/aupetitpont.fr\/en\/wp-json\/wp\/v2\/pages\/1998\/revisions"}],"predecessor-version":[{"id":7532,"href":"https:\/\/aupetitpont.fr\/en\/wp-json\/wp\/v2\/pages\/1998\/revisions\/7532"}],"wp:attachment":[{"href":"https:\/\/aupetitpont.fr\/en\/wp-json\/wp\/v2\/media?parent=1998"}],"curies":[{"name":"wp","href":"https:\/\/api.w.org\/{rel}","templated":true}]}}